{"id":192,"date":"2026-02-01T09:00:57","date_gmt":"2026-02-01T12:00:57","guid":{"rendered":"https:\/\/inct-fna.if.uff.br\/408419-2024-5\/?page_id=192"},"modified":"2026-03-03T08:29:02","modified_gmt":"2026-03-03T11:29:02","slug":"terra-como-detector","status":"publish","type":"page","link":"https:\/\/inct-fna.if.uff.br\/408419-2024-5\/terra-como-detector\/","title":{"rendered":"Terra como Detector"},"content":{"rendered":"<p>A Terra \u00e9 constantemente bombardeada por part\u00edculas que chegam do Universo a altas velocidades em todas as dire\u00e7\u00f5es. Estas part\u00edculas foram descobertas h\u00e1 mais de um s\u00e9culo pelo f\u00edsico Viktor Hess quem lhes deu o nome de <a href=\"https:\/\/www.space.com\/32644-cosmic-rays.html\" target=\"_blank\" rel=\"noopener noreferrer\">raios c\u00f3smicos<\/a>. A maioria destas part\u00edculas s\u00e3o n\u00facleos at\u00f4micos, indo desde pr\u00f3tons at\u00e9 n\u00facleos de ferro. Os raios c\u00f3smicos viajam a velocidades pr\u00f3ximas \u00e0 da luz, o que implica em que eles t\u00eam muita energia, sendo alguns deles as part\u00edculas mais energ\u00e9ticas observadas na Natureza. Estes <a href=\"https:\/\/arxiv.org\/abs\/1604.07584\" target=\"_blank\" rel=\"noopener noreferrer\">raios c\u00f3smicos de ultra-alta energia<\/a> t\u00eam milhares de vezes mais energia que as part\u00edculas produzidas nos <a href=\"https:\/\/home.cern\/topics\/large-hadron-collider\" target=\"_blank\" rel=\"noopener noreferrer\">aceleradores mais poderosos<\/a> na Terra.<\/p>\n<p>Ainda n\u00e3o se conhece a origem nem os mecanismos de acelera\u00e7\u00e3o destes raios c\u00f3smicos de altas energias. M\u00e1s h\u00e1 evid\u00eancias observacionais que apoiam a id\u00e9ia de que eles s\u00e3o de <a href=\"http:\/\/science.sciencemag.org\/content\/357\/6357\/1266\" target=\"_blank\" rel=\"noopener noreferrer\">origem extragal\u00e1ctica<\/a> e que seguem a distribui\u00e7\u00e3o local de mat\u00e9ria no Universo. Identificar as suas fontes n\u00e3o \u00e9 tarefa f\u00e1cil j\u00e1 que, na sua propaga\u00e7\u00e3o, as part\u00edculas carregadas s\u00e3o defletidas devido \u00e0 intera\u00e7\u00e3o com os <a href=\"https:\/\/arxiv.org\/abs\/1009.5891\" target=\"_blank\" rel=\"noopener noreferrer\">campos magn\u00e9ticos gal\u00e1cticos<\/a>. Esta deflex\u00e3o depende da composi\u00e7\u00e3o qu\u00edmica do raio c\u00f3smico primario, aumentando com a massa da part\u00edcula.<\/p>\n<p>Quando estas part\u00edculas altamente energ\u00e9ticas chegam \u00e0 Terra elas interagem com os mol\u00e9culas da atmosfera produzindo uma colis\u00e3o violenta. Os seus fragmentos voam para fora e colidem com mais mol\u00e9culas do ar, em uma cascata que continua at\u00e9 que a energia da part\u00edcula original seja espalhada por milh\u00f5es de part\u00edculas que caem sobre a Terra. Ao estudar estes chuveiros atmosf\u00e9ricos extensos, os cientistas podem medir as propriedades dos raios c\u00f3smicos prim\u00e1rios. Para isto, utilizam diferentes t\u00e9cnicas experimentais, como detectores espalhados na superf\u00edcie ou telesc\u00f3pios de fluorescencia que observam o desenvolvimento destes chuveiros. Um exemplo \u00e9 o <a href=\"https:\/\/www.auger.org\/\" target=\"_blank\" rel=\"noopener noreferrer\">Observat\u00f3rio Pierre Auger<\/a>, localizado na cidade de Malarg\u00fce na Argentina, com 3000 km2 de \u00e1rea, que estuda estes os raios c\u00f3smicos de maiores energias h\u00e1 cerca de 15 anos.<\/p>\n","protected":false},"excerpt":{"rendered":"<p>A Terra \u00e9 constantemente bombardeada por part\u00edculas que chegam do Universo a altas velocidades em todas as dire\u00e7\u00f5es. Estas part\u00edculas foram descobertas h\u00e1 mais de um s\u00e9culo pelo f\u00edsico Viktor Hess quem lhes deu o nome de raios c\u00f3smicos. A maioria destas part\u00edculas s\u00e3o n\u00facleos at\u00f4micos, indo desde pr\u00f3tons at\u00e9 n\u00facleos de ferro. Os raios [&hellip;]<\/p>\n","protected":false},"author":149,"featured_media":96,"parent":0,"menu_order":0,"comment_status":"closed","ping_status":"closed","template":"","meta":{"_acf_changed":false,"_monsterinsights_skip_tracking":false,"_monsterinsights_sitenote_active":false,"_monsterinsights_sitenote_note":"","_monsterinsights_sitenote_category":0,"footnotes":""},"class_list":["post-192","page","type-page","status-publish","has-post-thumbnail","hentry"],"acf":[],"_links":{"self":[{"href":"https:\/\/inct-fna.if.uff.br\/408419-2024-5\/wp-json\/wp\/v2\/pages\/192","targetHints":{"allow":["GET"]}}],"collection":[{"href":"https:\/\/inct-fna.if.uff.br\/408419-2024-5\/wp-json\/wp\/v2\/pages"}],"about":[{"href":"https:\/\/inct-fna.if.uff.br\/408419-2024-5\/wp-json\/wp\/v2\/types\/page"}],"author":[{"embeddable":true,"href":"https:\/\/inct-fna.if.uff.br\/408419-2024-5\/wp-json\/wp\/v2\/users\/149"}],"replies":[{"embeddable":true,"href":"https:\/\/inct-fna.if.uff.br\/408419-2024-5\/wp-json\/wp\/v2\/comments?post=192"}],"version-history":[{"count":1,"href":"https:\/\/inct-fna.if.uff.br\/408419-2024-5\/wp-json\/wp\/v2\/pages\/192\/revisions"}],"predecessor-version":[{"id":193,"href":"https:\/\/inct-fna.if.uff.br\/408419-2024-5\/wp-json\/wp\/v2\/pages\/192\/revisions\/193"}],"wp:featuredmedia":[{"embeddable":true,"href":"https:\/\/inct-fna.if.uff.br\/408419-2024-5\/wp-json\/wp\/v2\/media\/96"}],"wp:attachment":[{"href":"https:\/\/inct-fna.if.uff.br\/408419-2024-5\/wp-json\/wp\/v2\/media?parent=192"}],"curies":[{"name":"wp","href":"https:\/\/api.w.org\/{rel}","templated":true}]}}