{"id":204,"date":"2026-02-01T09:00:37","date_gmt":"2026-02-01T12:00:37","guid":{"rendered":"https:\/\/inct-fna.if.uff.br\/408419-2024-5\/?page_id=204"},"modified":"2026-03-03T08:29:30","modified_gmt":"2026-03-03T11:29:30","slug":"fisica-medica","status":"publish","type":"page","link":"https:\/\/inct-fna.if.uff.br\/408419-2024-5\/fisica-medica\/","title":{"rendered":"F\u00edsica M\u00e9dica"},"content":{"rendered":"<p>A rela\u00e7\u00e3o da F\u00edsica M\u00e9dica com a \u00e1rea nuclear vem desde a origem de ambas, uma vez que estas t\u00eam como base comum as descobertas da radioatividade pelo <a href=\"http:\/\/www.canalciencia.ibict.br\/personalidades_ciencia\/Marie_Curie.html\">casal Curie<\/a> e dos Raios X por <a href=\"http:\/\/www.medicinaintensiva.com.br\/roentgen.htm\">R\u00f6ntgen<\/a>. Ao mesmo tempo em que se aprofundava na busca de um modelo nuclear que explicasse as muitas experi\u00eancias que buscavam conhecer as propriedades da radia\u00e7\u00e3o come\u00e7aram as buscas por poss\u00edveis aplica\u00e7\u00f5es dos fen\u00f4menos envolvendo a radia\u00e7\u00e3o ionizante.<\/p>\n<p>Esta inter-rela\u00e7\u00e3o permanece at\u00e9 hoje, principalmente na Medicina Nuclear, onde se utiliza fontes radioativas para fins diagn\u00f3sticos e terap\u00eauticos, como na Radioterapia onde o objetivo \u00e9 a aniquila\u00e7\u00e3o de c\u00e9lulas doentes, principalmente cancerosas. Exemplos marcantes s\u00e3o a tomografia PET (<a href=\"https:\/\/pt.wikipedia.org\/wiki\/Tomografia_por_emiss%C3%A3o_de_positr%C3%B5es\">Positron Emission Tomography<\/a>), que usa como fonte de radia\u00e7\u00e3o os f\u00f3tons provenientes da aniquila\u00e7\u00e3o el\u00e9tron-p\u00f3sitron e os aceleradores lineares de el\u00e9trons (<a href=\"https:\/\/www.radiologyinfo.org\/en\/info.cfm?pg=linac\">LINAC<\/a>), que substituiram as antigas \u201cbombas\u201d de Cobalto e C\u00e9sio.<\/p>\n<p>As pesquisas desenvolvidas na \u00e1rea da F\u00edsica M\u00e9dica, em grande parte comuns \u00e0quelas utilizadas em F\u00edsica Nuclear de baixas energias, contemplam desde instrumenta\u00e7\u00e3o (equipamentos de irradia\u00e7\u00e3o, detetores, tecnologias de an\u00e1lise e <a href=\"http:\/\/ambrasaude.com.br\/imagiologia-medica-confira-como-auxilia-no-tratamento-do-cancer\/\">imageologia<\/a>) at\u00e9 o estudo das intera\u00e7\u00f5es espec\u00edficas entre a radia\u00e7\u00e3o ionizante e os tecidos humanos.<\/p>\n<p>Uma \u00e1rea espec\u00edfica da F\u00edsica M\u00e9dica \u00e9 a <a href=\"http:\/\/www.fisica.net\/nuclear\/dosimetria_das_radiacoes_ionizantes.pdf\">Dosimetria<\/a>, onde a grandeza de interesse \u00e9 a energia depositada por unidade de massa. Diferentemente da F\u00edsica Nuclear b\u00e1sica, aqui se estudam os efeitos, tanto ben\u00e9ficos como prejudiciais, de doses depositadas por diferentes tipos de radia\u00e7\u00e3o, principalmente de um ponto de vista estat\u00edstico, onde os efeitos da radia\u00e7\u00e3o podem ser considerados estoc\u00e1sticos (probabil\u00edsticos) para doses abaixo de um certo valor, ou determin\u00edsticos, onde a alta incid\u00eancia de radia\u00e7\u00e3o permite prever, com baixa incerteza, os efeitos da intera\u00e7\u00e3o da radia\u00e7\u00e3o ionizante com os tecidos.<\/p>\n<p><a href=\"http:\/\/www.medicinaintensiva.com.br\/roentgen.htm\">http:\/\/www.medicinaintensiva.com.br\/roentgen.htm<\/a><\/p>\n<p><a href=\"http:\/\/www.canalciencia.ibict.br\/personalidades_ciencia\/Marie_Curie.html\">http:\/\/www.canalciencia.ibict.br\/personalidades_ciencia\/Marie_Curie.html<\/a><\/p>\n<p><a href=\"https:\/\/pt.wikipedia.org\/wiki\/Tomografia_por_emiss%C3%A3o_de_positr%C3%B5es\">https:\/\/pt.wikipedia.org\/wiki\/Tomografia_por_emiss\u00e3o_de_positr\u00f5es<\/a><\/p>\n<p><a href=\"https:\/\/www.radiologyinfo.org\/en\/info.cfm?pg=linac\">https:\/\/www.radiologyinfo.org\/en\/info.cfm?pg=linac<\/a><\/p>\n<p><a href=\"http:\/\/ambrasaude.com.br\/imagiologia-medica-confira-como-auxilia-no-tratamento-do-cancer\/\">http:\/\/ambrasaude.com.br\/imagiologia-medica-confira-como-auxilia-no-tratamento-do-cancer\/<\/a><\/p>\n<p><a href=\"http:\/\/www.fisica.net\/nuclear\/dosimetria_das_radiacoes_ionizantes.pdf\">http:\/\/www.fisica.net\/nuclear\/dosimetria_das_radiacoes_ionizantes.pdf<\/a><\/p>\n","protected":false},"excerpt":{"rendered":"<p>A rela\u00e7\u00e3o da F\u00edsica M\u00e9dica com a \u00e1rea nuclear vem desde a origem de ambas, uma vez que estas t\u00eam como base comum as descobertas da radioatividade pelo casal Curie e dos Raios X por R\u00f6ntgen. Ao mesmo tempo em que se aprofundava na busca de um modelo nuclear que explicasse as muitas experi\u00eancias que [&hellip;]<\/p>\n","protected":false},"author":149,"featured_media":98,"parent":0,"menu_order":0,"comment_status":"closed","ping_status":"closed","template":"","meta":{"_acf_changed":false,"_monsterinsights_skip_tracking":false,"_monsterinsights_sitenote_active":false,"_monsterinsights_sitenote_note":"","_monsterinsights_sitenote_category":0,"footnotes":""},"class_list":["post-204","page","type-page","status-publish","has-post-thumbnail","hentry"],"acf":[],"_links":{"self":[{"href":"https:\/\/inct-fna.if.uff.br\/408419-2024-5\/wp-json\/wp\/v2\/pages\/204","targetHints":{"allow":["GET"]}}],"collection":[{"href":"https:\/\/inct-fna.if.uff.br\/408419-2024-5\/wp-json\/wp\/v2\/pages"}],"about":[{"href":"https:\/\/inct-fna.if.uff.br\/408419-2024-5\/wp-json\/wp\/v2\/types\/page"}],"author":[{"embeddable":true,"href":"https:\/\/inct-fna.if.uff.br\/408419-2024-5\/wp-json\/wp\/v2\/users\/149"}],"replies":[{"embeddable":true,"href":"https:\/\/inct-fna.if.uff.br\/408419-2024-5\/wp-json\/wp\/v2\/comments?post=204"}],"version-history":[{"count":4,"href":"https:\/\/inct-fna.if.uff.br\/408419-2024-5\/wp-json\/wp\/v2\/pages\/204\/revisions"}],"predecessor-version":[{"id":208,"href":"https:\/\/inct-fna.if.uff.br\/408419-2024-5\/wp-json\/wp\/v2\/pages\/204\/revisions\/208"}],"wp:featuredmedia":[{"embeddable":true,"href":"https:\/\/inct-fna.if.uff.br\/408419-2024-5\/wp-json\/wp\/v2\/media\/98"}],"wp:attachment":[{"href":"https:\/\/inct-fna.if.uff.br\/408419-2024-5\/wp-json\/wp\/v2\/media?parent=204"}],"curies":[{"name":"wp","href":"https:\/\/api.w.org\/{rel}","templated":true}]}}