{"id":49,"date":"2026-02-01T09:00:34","date_gmt":"2026-02-01T12:00:34","guid":{"rendered":"https:\/\/inct-fna.if.uff.br\/408419-2024-5\/?page_id=49"},"modified":"2026-02-16T17:05:01","modified_gmt":"2026-02-16T20:05:01","slug":"projeto-e-metas","status":"publish","type":"page","link":"https:\/\/inct-fna.if.uff.br\/408419-2024-5\/projeto-e-metas\/","title":{"rendered":"Projeto e Metas"},"content":{"rendered":"<p><img loading=\"lazy\" decoding=\"async\" class=\"aligncenter wp-image-51\" src=\"https:\/\/inct-fna.if.uff.br\/408419-2024-5\/wp-content\/uploads\/sites\/7\/2026\/02\/inct-fna-transparent.png\" alt=\"\" width=\"500\" height=\"168\" srcset=\"https:\/\/inct-fna.if.uff.br\/408419-2024-5\/wp-content\/uploads\/sites\/7\/2026\/02\/inct-fna-transparent.png 1000w, https:\/\/inct-fna.if.uff.br\/408419-2024-5\/wp-content\/uploads\/sites\/7\/2026\/02\/inct-fna-transparent-300x101.png 300w, https:\/\/inct-fna.if.uff.br\/408419-2024-5\/wp-content\/uploads\/sites\/7\/2026\/02\/inct-fna-transparent-768x258.png 768w\" sizes=\"auto, (max-width: 500px) 100vw, 500px\" \/><br \/>\nA F\u00edsica Nuclear se caracteriza como um importante campo de pesquisa, que propicia informa\u00e7\u00f5es fundamentais no entendimento da natureza, com grande relev\u00e2ncia para o conhecimento e compreens\u00e3o do mundo em que vivemos. Esta ci\u00eancia tem como objetivo:<\/p>\n<ul>\n<li>A investiga\u00e7\u00e3o da origem e a nucleoss\u00edntese primordial<\/li>\n<li>Estrutura da mat\u00e9ria nuclear<\/li>\n<li>Mecanismos de rea\u00e7\u00e3o nucleares<\/li>\n<li>Fases da mat\u00e9ria nuclear em condi\u00e7\u00f5es extremas e<\/li>\n<li>Propriedades da intera\u00e7\u00e3o forte.<\/li>\n<\/ul>\n<p>Quest\u00f5es fundamentais em aberto levaram a F\u00edsica Nuclear a ampliar seus horizontes e hoje seu alcance se estende desde as part\u00edculas mais fundamentais, como os quarks e gl\u00faons, at\u00e9 a din\u00e2mica da transi\u00e7\u00e3o de fase associada ao Big-Bang do universo.<\/p>\n<p>Al\u00e9m da pesquisa fundamental, a f\u00edsica nuclear tem alcance em uma grande variedade de aplica\u00e7\u00f5es interdisciplinares como:<\/p>\n<ul>\n<li>Energia nuclear<\/li>\n<li>Medicina nuclear<\/li>\n<li>Sistemas de detec\u00e7\u00e3o de part\u00edculas<\/li>\n<li>Investiga\u00e7\u00e3o de danos de radia\u00e7\u00e3o em sat\u00e9lites<\/li>\n<li>Data\u00e7\u00e3o por radiocarbono<\/li>\n<\/ul>\n<p>A forma\u00e7\u00e3o de recursos humanos na \u00e1rea de f\u00edsica nuclear \u00e9 de grande import\u00e2ncia para que o pa\u00eds continue a dominar a tecnologia. Assim sendo, a parte educacional desempenha um papel important\u00edssimo dentro das atividades em f\u00edsica nuclear. Os estudantes trabalhando em laborat\u00f3rios instalados em universidades, al\u00e9m de estarem em contato com atividades intelectuais diversas em f\u00edsica geral, participam tamb\u00e9m de um conjunto extenso de atividades particulares da f\u00edsica nuclear. Estes se envolvem, entre outras coisas, no projeto, constru\u00e7\u00e3o e manuten\u00e7\u00e3o de equipamentos experimentais sofisticados, al\u00e9m de utiliz\u00e1-los para a pesquisa, tendo contato com a tomada de dados experimentais e interpreta\u00e7\u00e3o dos resultados. A excelente forma\u00e7\u00e3o adquirida com essas atividades garante a gera\u00e7\u00e3o dos futuros l\u00edderes das ci\u00eancias nucleares e de outras atividades de import\u00e2ncia para o desenvolvimento tecnol\u00f3gico.<\/p>\n<p>A dissemina\u00e7\u00e3o dos conhecimentos da \u00e1rea e suas aplica\u00e7\u00f5es junto ao p\u00fablico em geral \u00e9 outra grande preocupa\u00e7\u00e3o da comunidade de F\u00edsica Nuclear. As t\u00e9cnicas te\u00f3ricas desenvolvidas pela comunidade internacional de f\u00edsica nuclear foram bastante importantes no desenvolvimento de outras \u00e1reas de f\u00edsica como at\u00f4mica, mesosc\u00f3pica e nanosc\u00f3picas.<\/p>\n<p>Com a cria\u00e7\u00e3o do <a href=\"http:\/\/inct.cnpq.br\/\" target=\"_blank\" rel=\"noopener noreferrer\">INCT<\/a> nesta \u00e1rea, pretendemos atuar de forma mais coordenada do que vem sendo feito at\u00e9 ent\u00e3o, aumentando a intera\u00e7\u00e3o entre os grupos e entre f\u00edsicos te\u00f3ricos e experimentais, trabalhando em f\u00edsica b\u00e1sica e aplicada, desta forma gerando avan\u00e7os qualitativos importantes, que devem contribuir n\u00e3o somente para contribui\u00e7\u00f5es na fronteira do conhecimento, mas tamb\u00e9m gerando novos produtos e tecnologia que devem beneficiar a sociedade. Com os recursos previstos neste edital, esperamos manter e modernizar os laborat\u00f3rios j\u00e1 consolidados e ainda criar ou dar grande impulso a novos laborat\u00f3rios, particularmente na regi\u00e3o Nordeste. Prevemos, portanto, forte evolu\u00e7\u00e3o do ponto de vista da pesquisa experimental e tecnol\u00f3gica nesta \u00e1rea.<\/p>\n","protected":false},"excerpt":{"rendered":"<p>A F\u00edsica Nuclear se caracteriza como um importante campo de pesquisa, que propicia informa\u00e7\u00f5es fundamentais no entendimento da natureza, com grande relev\u00e2ncia para o conhecimento e compreens\u00e3o do mundo em que vivemos. Esta ci\u00eancia tem como objetivo: A investiga\u00e7\u00e3o da origem e a nucleoss\u00edntese primordial Estrutura da mat\u00e9ria nuclear Mecanismos de rea\u00e7\u00e3o nucleares Fases da [&hellip;]<\/p>\n","protected":false},"author":149,"featured_media":0,"parent":0,"menu_order":0,"comment_status":"closed","ping_status":"closed","template":"","meta":{"_acf_changed":false,"_monsterinsights_skip_tracking":false,"_monsterinsights_sitenote_active":false,"_monsterinsights_sitenote_note":"","_monsterinsights_sitenote_category":0,"footnotes":""},"class_list":["post-49","page","type-page","status-publish","hentry"],"acf":[],"_links":{"self":[{"href":"https:\/\/inct-fna.if.uff.br\/408419-2024-5\/wp-json\/wp\/v2\/pages\/49","targetHints":{"allow":["GET"]}}],"collection":[{"href":"https:\/\/inct-fna.if.uff.br\/408419-2024-5\/wp-json\/wp\/v2\/pages"}],"about":[{"href":"https:\/\/inct-fna.if.uff.br\/408419-2024-5\/wp-json\/wp\/v2\/types\/page"}],"author":[{"embeddable":true,"href":"https:\/\/inct-fna.if.uff.br\/408419-2024-5\/wp-json\/wp\/v2\/users\/149"}],"replies":[{"embeddable":true,"href":"https:\/\/inct-fna.if.uff.br\/408419-2024-5\/wp-json\/wp\/v2\/comments?post=49"}],"version-history":[{"count":3,"href":"https:\/\/inct-fna.if.uff.br\/408419-2024-5\/wp-json\/wp\/v2\/pages\/49\/revisions"}],"predecessor-version":[{"id":60,"href":"https:\/\/inct-fna.if.uff.br\/408419-2024-5\/wp-json\/wp\/v2\/pages\/49\/revisions\/60"}],"wp:attachment":[{"href":"https:\/\/inct-fna.if.uff.br\/408419-2024-5\/wp-json\/wp\/v2\/media?parent=49"}],"curies":[{"name":"wp","href":"https:\/\/api.w.org\/{rel}","templated":true}]}}