{"id":53,"date":"2026-02-01T09:00:23","date_gmt":"2026-02-01T12:00:23","guid":{"rendered":"https:\/\/inct-fna.if.uff.br\/408419-2024-5\/?page_id=53"},"modified":"2026-02-16T16:49:59","modified_gmt":"2026-02-16T19:49:59","slug":"estrutura-e-comites","status":"publish","type":"page","link":"https:\/\/inct-fna.if.uff.br\/408419-2024-5\/estrutura-e-comites\/","title":{"rendered":"Estrutura e Comit\u00eas"},"content":{"rendered":"<p style=\"text-align: center;\">P\u00e1gina em constru\u00e7\u00e3o. Em breve, divulgaremos novas informa\u00e7\u00f5es.<\/p>\n<p>&nbsp;<\/p>\n<p>&nbsp;<\/p>\n<p>&nbsp;<\/p>\n<p><img loading=\"lazy\" decoding=\"async\" class=\"aligncenter wp-image-51\" src=\"https:\/\/inct-fna.if.uff.br\/408419-2024-5\/wp-content\/uploads\/sites\/7\/2026\/02\/inct-fna-transparent.png\" alt=\"\" width=\"500\" height=\"168\" srcset=\"https:\/\/inct-fna.if.uff.br\/408419-2024-5\/wp-content\/uploads\/sites\/7\/2026\/02\/inct-fna-transparent.png 1000w, https:\/\/inct-fna.if.uff.br\/408419-2024-5\/wp-content\/uploads\/sites\/7\/2026\/02\/inct-fna-transparent-300x101.png 300w, https:\/\/inct-fna.if.uff.br\/408419-2024-5\/wp-content\/uploads\/sites\/7\/2026\/02\/inct-fna-transparent-768x258.png 768w\" sizes=\"auto, (max-width: 500px) 100vw, 500px\" \/><\/p>\n","protected":false},"excerpt":{"rendered":"<p>P\u00e1gina em constru\u00e7\u00e3o. Em breve, divulgaremos novas informa\u00e7\u00f5es. &nbsp; &nbsp; &nbsp;<\/p>\n","protected":false},"author":149,"featured_media":0,"parent":0,"menu_order":0,"comment_status":"closed","ping_status":"closed","template":"","meta":{"_acf_changed":false,"_monsterinsights_skip_tracking":false,"_monsterinsights_sitenote_active":false,"_monsterinsights_sitenote_note":"","_monsterinsights_sitenote_category":0,"footnotes":""},"class_list":["post-53","page","type-page","status-publish","hentry"],"acf":[],"_links":{"self":[{"href":"https:\/\/inct-fna.if.uff.br\/408419-2024-5\/wp-json\/wp\/v2\/pages\/53","targetHints":{"allow":["GET"]}}],"collection":[{"href":"https:\/\/inct-fna.if.uff.br\/408419-2024-5\/wp-json\/wp\/v2\/pages"}],"about":[{"href":"https:\/\/inct-fna.if.uff.br\/408419-2024-5\/wp-json\/wp\/v2\/types\/page"}],"author":[{"embeddable":true,"href":"https:\/\/inct-fna.if.uff.br\/408419-2024-5\/wp-json\/wp\/v2\/users\/149"}],"replies":[{"embeddable":true,"href":"https:\/\/inct-fna.if.uff.br\/408419-2024-5\/wp-json\/wp\/v2\/comments?post=53"}],"version-history":[{"count":2,"href":"https:\/\/inct-fna.if.uff.br\/408419-2024-5\/wp-json\/wp\/v2\/pages\/53\/revisions"}],"predecessor-version":[{"id":56,"href":"https:\/\/inct-fna.if.uff.br\/408419-2024-5\/wp-json\/wp\/v2\/pages\/53\/revisions\/56"}],"wp:attachment":[{"href":"https:\/\/inct-fna.if.uff.br\/408419-2024-5\/wp-json\/wp\/v2\/media?parent=53"}],"curies":[{"name":"wp","href":"https:\/\/api.w.org\/{rel}","templated":true}]}}