{"id":73,"date":"2026-02-01T09:00:07","date_gmt":"2026-02-01T12:00:07","guid":{"rendered":"https:\/\/inct-fna.if.uff.br\/408419-2024-5\/?page_id=73"},"modified":"2026-02-16T18:08:46","modified_gmt":"2026-02-16T21:08:46","slug":"formularios-e-downloads","status":"publish","type":"page","link":"https:\/\/inct-fna.if.uff.br\/408419-2024-5\/formularios-e-downloads\/","title":{"rendered":"Formul\u00e1rios e Downloads"},"content":{"rendered":"<p>Formul\u00e1rio para inscri\u00e7\u00e3o de novos membros nas categorias alunos de inicia\u00e7\u00e3o cient\u00edfica, mestrado e doutorado: <a href=\"https:\/\/forms.gle\/phGN8DzgSmdCkJyb8\">https:\/\/forms.gle\/phGN8DzgSmdCkJyb8<\/a><\/p>\n<p>Formul\u00e1rio para solicita\u00e7\u00e3o de apoio para viagens e organiza\u00e7\u00e3o de eventos: <a href=\"https:\/\/forms.gle\/Y34GgMuSj5v9kgKW8\">https:\/\/forms.gle\/Y34GgMuSj5v9kgKW8<\/a><\/p>\n<p>Formul\u00e1rio para solicita\u00e7\u00e3o de recursos de capital e custeio: <a href=\"https:\/\/forms.gle\/iWC6gRpT3GjJTdUq8\">https:\/\/forms.gle\/iWC6gRpT3GjJTdUq8<\/a><\/p>\n<p>Download do <a href=\"https:\/\/inct-fna.if.uff.br\/408419-2024-5\/wp-content\/uploads\/sites\/7\/2026\/02\/INCT-FNA-Media-Kit.zip\">Media Kit do INCT-FNA<\/a><\/p>\n","protected":false},"excerpt":{"rendered":"<p>Formul\u00e1rio para inscri\u00e7\u00e3o de novos membros nas categorias alunos de inicia\u00e7\u00e3o cient\u00edfica, mestrado e doutorado: https:\/\/forms.gle\/phGN8DzgSmdCkJyb8 Formul\u00e1rio para solicita\u00e7\u00e3o de apoio para viagens e organiza\u00e7\u00e3o de eventos: https:\/\/forms.gle\/Y34GgMuSj5v9kgKW8 Formul\u00e1rio para solicita\u00e7\u00e3o de recursos de capital e custeio: https:\/\/forms.gle\/iWC6gRpT3GjJTdUq8 Download do Media Kit do INCT-FNA<\/p>\n","protected":false},"author":149,"featured_media":0,"parent":0,"menu_order":0,"comment_status":"closed","ping_status":"closed","template":"","meta":{"_acf_changed":false,"_monsterinsights_skip_tracking":false,"_monsterinsights_sitenote_active":false,"_monsterinsights_sitenote_note":"","_monsterinsights_sitenote_category":0,"footnotes":""},"class_list":["post-73","page","type-page","status-publish","hentry"],"acf":[],"_links":{"self":[{"href":"https:\/\/inct-fna.if.uff.br\/408419-2024-5\/wp-json\/wp\/v2\/pages\/73","targetHints":{"allow":["GET"]}}],"collection":[{"href":"https:\/\/inct-fna.if.uff.br\/408419-2024-5\/wp-json\/wp\/v2\/pages"}],"about":[{"href":"https:\/\/inct-fna.if.uff.br\/408419-2024-5\/wp-json\/wp\/v2\/types\/page"}],"author":[{"embeddable":true,"href":"https:\/\/inct-fna.if.uff.br\/408419-2024-5\/wp-json\/wp\/v2\/users\/149"}],"replies":[{"embeddable":true,"href":"https:\/\/inct-fna.if.uff.br\/408419-2024-5\/wp-json\/wp\/v2\/comments?post=73"}],"version-history":[{"count":1,"href":"https:\/\/inct-fna.if.uff.br\/408419-2024-5\/wp-json\/wp\/v2\/pages\/73\/revisions"}],"predecessor-version":[{"id":74,"href":"https:\/\/inct-fna.if.uff.br\/408419-2024-5\/wp-json\/wp\/v2\/pages\/73\/revisions\/74"}],"wp:attachment":[{"href":"https:\/\/inct-fna.if.uff.br\/408419-2024-5\/wp-json\/wp\/v2\/media?parent=73"}],"curies":[{"name":"wp","href":"https:\/\/api.w.org\/{rel}","templated":true}]}}